{"id":3,"date":"2025-12-23T20:03:19","date_gmt":"2025-12-23T19:03:19","guid":{"rendered":"http:\/\/localhost:8080\/?page_id=3"},"modified":"2026-01-15T15:12:31","modified_gmt":"2026-01-15T14:12:31","slug":"politique-de-confidentialite","status":"publish","type":"page","link":"https:\/\/benoitbraun.fr\/?page_id=3","title":{"rendered":"Politique de confidentialit\u00e9"},"content":{"rendered":"\n<hr class=\"wp-block-separator has-alpha-channel-opacity\" style=\"margin-top:var(--wp--preset--spacing--large);margin-bottom:var(--wp--preset--spacing--large)\"\/>\n\n\n\n<h1 class=\"wp-block-heading\">Politique de confidentialit\u00e9<\/h1>\n\n\n\n<hr class=\"wp-block-separator has-alpha-channel-opacity\" style=\"margin-top:var(--wp--preset--spacing--xx-large);margin-bottom:var(--wp--preset--spacing--xx-large)\"\/>\n\n\n\n<p><strong>Cette politique de confidentialit\u00e9 explique quelles donn\u00e9es personnelles sont collect\u00e9es sur ce site, comment elles sont utilis\u00e9es, et quels sont vos droits.<\/strong><\/p>\n\n\n\n<h2 class=\"wp-block-heading\">Qui sommes-nous&nbsp;?<\/h2>\n\n\n\n<p>Le site <strong>benoitbraun.fr<\/strong> est exploit\u00e9 par <strong>Beno\u00eet Braun<\/strong>, th\u00e9rapeute en hypnose clinique et th\u00e9rapies br\u00e8ves.<\/p>\n\n\n\n<h2 class=\"wp-block-heading\">Formulaire de contact<\/h2>\n\n\n\n<p>Lorsque vous utilisez le formulaire de contact, vous pouvez \u00eatre amen\u00e9(e) \u00e0 fournir :<\/p>\n\n\n\n<p>votre <strong>nom<\/strong>,<\/p>\n\n\n\n<p>votre <strong>adresse e-mail<\/strong>,<\/p>\n\n\n\n<p>\u00e9ventuellement votre <strong>message ou objet de demande<\/strong>.<\/p>\n\n\n\n<p>Ces informations sont collect\u00e9es uniquement pour r\u00e9pondre \u00e0 votre demande et ne sont pas utilis\u00e9es \u00e0 d\u2019autres fins.<\/p>\n\n\n\n<p><strong>Pourquoi ces donn\u00e9es sont-elles n\u00e9cessaires ?<\/strong><br>Sans ces informations, je ne peux pas r\u00e9pondre \u00e0 votre demande via ce formulaire.<\/p>\n\n\n\n<h2 class=\"wp-block-heading\">Cookies<\/h2>\n\n\n\n<p>Ce site utilise les cookies suivants :<\/p>\n\n\n\n<p>Cookies Google Analytics utilis\u00e9s pour analyser l\u2019audience du site.<\/p>\n\n\n\n<p>Cookies techniques WordPress utilis\u00e9s pour la gestion de sessions et le bon fonctionnement du site.<\/p>\n\n\n\n<h2 class=\"wp-block-heading\">Utilisation et transmission de vos donn\u00e9es personnelles<\/h2>\n\n\n\n<p>Les donn\u00e9es recueillies via le formulaire de contact sont utilis\u00e9es uniquement pour :<\/p>\n\n\n\n<p><strong>r\u00e9pondre \u00e0 vos messages<\/strong>,<\/p>\n\n\n\n<p><strong>traiter votre demande professionnelle<\/strong>.<\/p>\n\n\n\n<p>Aucune donn\u00e9e n\u2019est vendue, partag\u00e9e ou utilis\u00e9e \u00e0 des fins publicitaires ou marketing.<\/p>\n\n\n\n<h2 class=\"wp-block-heading\">Dur\u00e9es de stockage de vos donn\u00e9es<\/h2>\n\n\n\n<p>Les informations collect\u00e9es via le formulaire sont conserv\u00e9es <strong>le temps n\u00e9cessaire pour traiter votre demande<\/strong> et conform\u00e9ment aux obligations l\u00e9gales applicables.<\/p>\n\n\n\n<p>Les cookies ont une dur\u00e9e de vie variable selon leur type :<\/p>\n\n\n\n<p>cookies de session : supprim\u00e9s \u00e0 la fin de votre navigation.<\/p>\n\n\n\n<p>cookies d\u2019analyse (ex. Google Analytics) : jusqu\u2019\u00e0 plusieurs ann\u00e9es,<\/p>\n\n\n\n<h2 class=\"wp-block-heading\">Les droits que vous avez sur vos donn\u00e9es<\/h2>\n\n\n\n<p>Conform\u00e9ment au <strong>R\u00e8glement G\u00e9n\u00e9ral sur la Protection des Donn\u00e9es (RGPD)<\/strong>, vous disposez des droits suivants :<\/p>\n\n\n\n<p><strong>Droit d\u2019acc\u00e8s<\/strong> : vous pouvez demander quelles donn\u00e9es personnelles vous concernant sont trait\u00e9es.<\/p>\n\n\n\n<p><strong>Droit de rectification<\/strong> : vous pouvez demander la correction de donn\u00e9es inexactes ou incompl\u00e8tes.<\/p>\n\n\n\n<p><strong>Droit \u00e0 l\u2019effacement<\/strong> : vous pouvez demander la suppression de vos donn\u00e9es sous certaines conditions.<\/p>\n\n\n\n<p><strong>Droit de retirer votre consentement<\/strong> \u00e0 tout moment lorsque le traitement est fond\u00e9 sur ce consentement.<\/p>\n\n\n\n<p>Pour exercer ces droits ou pour toute question relative \u00e0 vos donn\u00e9es personnelles, vous pouvez me contacter via le formulaire de contact ou \u00e0 l\u2019adresse suivante :<br><strong><a>benoitbraun.therapie@outlook.com<\/a><\/strong>.<\/p>\n","protected":false},"excerpt":{"rendered":"<p>Politique de confidentialit\u00e9 Cette politique de confidentialit\u00e9 explique quelles donn\u00e9es personnelles sont collect\u00e9es sur ce site, comment elles sont utilis\u00e9es, et quels sont vos droits. Qui sommes-nous&nbsp;? Le site benoitbraun.fr est exploit\u00e9 par Beno\u00eet Braun, th\u00e9rapeute en hypnose clinique et th\u00e9rapies br\u00e8ves. Formulaire de contact Lorsque vous utilisez le formulaire de contact, vous pouvez \u00eatre [&hellip;]<\/p>\n","protected":false},"author":1,"featured_media":0,"parent":0,"menu_order":0,"comment_status":"closed","ping_status":"open","template":"","meta":{"footnotes":""},"class_list":["post-3","page","type-page","status-publish","hentry"],"_links":{"self":[{"href":"https:\/\/benoitbraun.fr\/index.php?rest_route=\/wp\/v2\/pages\/3","targetHints":{"allow":["GET"]}}],"collection":[{"href":"https:\/\/benoitbraun.fr\/index.php?rest_route=\/wp\/v2\/pages"}],"about":[{"href":"https:\/\/benoitbraun.fr\/index.php?rest_route=\/wp\/v2\/types\/page"}],"author":[{"embeddable":true,"href":"https:\/\/benoitbraun.fr\/index.php?rest_route=\/wp\/v2\/users\/1"}],"replies":[{"embeddable":true,"href":"https:\/\/benoitbraun.fr\/index.php?rest_route=%2Fwp%2Fv2%2Fcomments&post=3"}],"version-history":[{"count":7,"href":"https:\/\/benoitbraun.fr\/index.php?rest_route=\/wp\/v2\/pages\/3\/revisions"}],"predecessor-version":[{"id":161,"href":"https:\/\/benoitbraun.fr\/index.php?rest_route=\/wp\/v2\/pages\/3\/revisions\/161"}],"wp:attachment":[{"href":"https:\/\/benoitbraun.fr\/index.php?rest_route=%2Fwp%2Fv2%2Fmedia&parent=3"}],"curies":[{"name":"wp","href":"https:\/\/api.w.org\/{rel}","templated":true}]}}